{"id":408,"date":"2016-01-07T09:31:53","date_gmt":"2016-01-07T09:31:53","guid":{"rendered":"http:\/\/demo-import.loc\/?page_id=408"},"modified":"2025-07-09T17:01:20","modified_gmt":"2025-07-09T15:01:20","slug":"spacci-aziendali","status":"publish","type":"page","link":"https:\/\/csa.centroit.it\/?page_id=408","title":{"rendered":"Spacci Aziendali"},"content":{"rendered":"\t\t<div data-elementor-type=\"wp-page\" data-elementor-id=\"408\" class=\"elementor elementor-408\">\n\t\t\t\t\t\t<section class=\"elementor-section elementor-top-section elementor-element elementor-element-a129a8d elementor-section-boxed elementor-section-height-default elementor-section-height-default\" data-id=\"a129a8d\" data-element_type=\"section\" data-settings=\"{&quot;background_background&quot;:&quot;classic&quot;}\">\n\t\t\t\t\t\t<div class=\"elementor-container elementor-column-gap-default\">\n\t\t\t\t\t<div class=\"elementor-column elementor-col-100 elementor-top-column elementor-element elementor-element-a12a2c8\" data-id=\"a12a2c8\" data-element_type=\"column\">\n\t\t\t<div class=\"elementor-widget-wrap elementor-element-populated\">\n\t\t\t\t\t\t<div class=\"elementor-element elementor-element-a12aa27 elementor-widget elementor-widget-text-editor\" data-id=\"a12aa27\" data-element_type=\"widget\" data-widget_type=\"text-editor.default\">\n\t\t\t\t<div class=\"elementor-widget-container\">\n\t\t\t\t\t\t\t\t\t<h2 class=\"no_stripe\">Spacci Aziendali<\/h2>\n\t\t\t\t\t\t\t\t<\/div>\n\t\t\t\t<\/div>\n\t\t\t\t<div class=\"elementor-element elementor-element-a12ad88 elementor-widget elementor-widget-accordion\" data-id=\"a12ad88\" data-element_type=\"widget\" data-widget_type=\"accordion.default\">\n\t\t\t\t<div class=\"elementor-widget-container\">\n\t\t\t\t\t\t\t<div class=\"elementor-accordion\">\n\t\t\t\t\t\t\t<div class=\"elementor-accordion-item\">\n\t\t\t\t\t<div id=\"elementor-tab-title-1681\" class=\"elementor-tab-title\" data-tab=\"1\" role=\"button\" aria-controls=\"elementor-tab-content-1681\" aria-expanded=\"false\">\n\t\t\t\t\t\t\t\t\t\t\t\t\t<span class=\"elementor-accordion-icon elementor-accordion-icon-right\" aria-hidden=\"true\">\n\t\t\t\t\t\t\t\t\t\t\t\t\t\t\t<span class=\"elementor-accordion-icon-closed\"><svg class=\"e-font-icon-svg e-fas-plus\" viewBox=\"0 0 448 512\" xmlns=\"http:\/\/www.w3.org\/2000\/svg\"><path d=\"M416 208H272V64c0-17.67-14.33-32-32-32h-32c-17.67 0-32 14.33-32 32v144H32c-17.67 0-32 14.33-32 32v32c0 17.67 14.33 32 32 32h144v144c0 17.67 14.33 32 32 32h32c17.67 0 32-14.33 32-32V304h144c17.67 0 32-14.33 32-32v-32c0-17.67-14.33-32-32-32z\"><\/path><\/svg><\/span>\n\t\t\t\t\t\t\t\t<span class=\"elementor-accordion-icon-opened\"><svg class=\"e-font-icon-svg e-fas-minus\" viewBox=\"0 0 448 512\" xmlns=\"http:\/\/www.w3.org\/2000\/svg\"><path d=\"M416 208H32c-17.67 0-32 14.33-32 32v32c0 17.67 14.33 32 32 32h384c17.67 0 32-14.33 32-32v-32c0-17.67-14.33-32-32-32z\"><\/path><\/svg><\/span>\n\t\t\t\t\t\t\t\t\t\t\t\t\t\t<\/span>\n\t\t\t\t\t\t\t\t\t\t\t\t<a class=\"elementor-accordion-title\" tabindex=\"0\">Riapertura spaccio aziendale Uniliver<\/a>\n\t\t\t\t\t<\/div>\n\t\t\t\t\t<div id=\"elementor-tab-content-1681\" class=\"elementor-tab-content elementor-clearfix\" data-tab=\"1\" role=\"region\" aria-labelledby=\"elementor-tab-title-1681\"><div>\n<p>Il Consorzio ha ricevuto comunicazione &#8211; da parte del responsabile dello spaccio aziendale ubicato all\u2019interno dell\u2019Uniliver &#8211; che dallo scorso 14 giugno \u00e8 consentito l\u2019accesso allo spaccio ai dipendenti delle aziende insediate nell\u2019agglomerato industriale.<\/p>\n<p>L\u2019apertura \u00e8 prevista dal luned\u00ec al venerd\u00ec con alternanza di una settimana di mattina e una settimana di pomeriggio a partire dal giorno di apertura.<\/p>\n<p>Gli orari sono i seguenti:<\/p>\n<p><strong>POMERIGGIO<\/strong><\/p>\n<p>dalle ore 14.35 alle 16.30<\/p>\n<p>dalle 20.10 alle 21.15<\/p>\n<p><strong>MATTINA<\/strong><\/p>\n<p>Dalle ore 12.10 alle 13.15<\/p>\n<p><strong>MODALITA\u2019PER L\u2019ACCESSO<\/strong><\/p>\n<p>\u00c8 necessario esibire il tesserino aziendale. Le regole di acquisto sono esposte e indicate dal cassiere.<\/p>\n<\/div>\n<\/div>\n\t\t\t\t<\/div>\n\t\t\t\t\t\t\t<div class=\"elementor-accordion-item\">\n\t\t\t\t\t<div id=\"elementor-tab-title-1682\" class=\"elementor-tab-title\" data-tab=\"2\" role=\"button\" aria-controls=\"elementor-tab-content-1682\" aria-expanded=\"false\">\n\t\t\t\t\t\t\t\t\t\t\t\t\t<span class=\"elementor-accordion-icon elementor-accordion-icon-right\" aria-hidden=\"true\">\n\t\t\t\t\t\t\t\t\t\t\t\t\t\t\t<span class=\"elementor-accordion-icon-closed\"><svg class=\"e-font-icon-svg e-fas-plus\" viewBox=\"0 0 448 512\" xmlns=\"http:\/\/www.w3.org\/2000\/svg\"><path d=\"M416 208H272V64c0-17.67-14.33-32-32-32h-32c-17.67 0-32 14.33-32 32v144H32c-17.67 0-32 14.33-32 32v32c0 17.67 14.33 32 32 32h144v144c0 17.67 14.33 32 32 32h32c17.67 0 32-14.33 32-32V304h144c17.67 0 32-14.33 32-32v-32c0-17.67-14.33-32-32-32z\"><\/path><\/svg><\/span>\n\t\t\t\t\t\t\t\t<span class=\"elementor-accordion-icon-opened\"><svg class=\"e-font-icon-svg e-fas-minus\" viewBox=\"0 0 448 512\" xmlns=\"http:\/\/www.w3.org\/2000\/svg\"><path d=\"M416 208H32c-17.67 0-32 14.33-32 32v32c0 17.67 14.33 32 32 32h384c17.67 0 32-14.33 32-32v-32c0-17.67-14.33-32-32-32z\"><\/path><\/svg><\/span>\n\t\t\t\t\t\t\t\t\t\t\t\t\t\t<\/span>\n\t\t\t\t\t\t\t\t\t\t\t\t<a class=\"elementor-accordion-title\" tabindex=\"0\">Spaccio Aziendale Indaco<\/a>\n\t\t\t\t\t<\/div>\n\t\t\t\t\t<div id=\"elementor-tab-content-1682\" class=\"elementor-tab-content elementor-clearfix\" data-tab=\"2\" role=\"region\" aria-labelledby=\"elementor-tab-title-1682\"><p>Il Consorzio ha ricevuto comunicazione &#8211; da parte del responsabile dello spaccio aziendale ubicato all\u2019interno della\u00a0<strong><a href=\"https:\/\/www.consorziocsa-asicaivano.it\/index.php\/le-aziende\/item\/9-indaco-s-p-a\" target=\"_blank\" rel=\"noopener noreferrer\">Indaco<\/a><\/strong>\u00a0&#8211; che \u00e8 consentito l\u2019accesso allo spaccio ai dipendenti delle aziende insediate nell\u2019agglomerato industriale.<\/p>\n<p>Di seguito giorni e orari:<\/p>\n<p><strong>MARTEDI\u00a0\u00a0<\/strong>dalle ore 09.00 alle 13.00<\/p>\n<p><strong>VENERDI\u00a0\u00a0<\/strong>dalle ore 15.00 alle 17.30<\/p>\n<\/div>\n\t\t\t\t<\/div>\n\t\t\t\t\t\t\t<div class=\"elementor-accordion-item\">\n\t\t\t\t\t<div id=\"elementor-tab-title-1683\" class=\"elementor-tab-title\" data-tab=\"3\" role=\"button\" aria-controls=\"elementor-tab-content-1683\" aria-expanded=\"false\">\n\t\t\t\t\t\t\t\t\t\t\t\t\t<span class=\"elementor-accordion-icon elementor-accordion-icon-right\" aria-hidden=\"true\">\n\t\t\t\t\t\t\t\t\t\t\t\t\t\t\t<span class=\"elementor-accordion-icon-closed\"><svg class=\"e-font-icon-svg e-fas-plus\" viewBox=\"0 0 448 512\" xmlns=\"http:\/\/www.w3.org\/2000\/svg\"><path d=\"M416 208H272V64c0-17.67-14.33-32-32-32h-32c-17.67 0-32 14.33-32 32v144H32c-17.67 0-32 14.33-32 32v32c0 17.67 14.33 32 32 32h144v144c0 17.67 14.33 32 32 32h32c17.67 0 32-14.33 32-32V304h144c17.67 0 32-14.33 32-32v-32c0-17.67-14.33-32-32-32z\"><\/path><\/svg><\/span>\n\t\t\t\t\t\t\t\t<span class=\"elementor-accordion-icon-opened\"><svg class=\"e-font-icon-svg e-fas-minus\" viewBox=\"0 0 448 512\" xmlns=\"http:\/\/www.w3.org\/2000\/svg\"><path d=\"M416 208H32c-17.67 0-32 14.33-32 32v32c0 17.67 14.33 32 32 32h384c17.67 0 32-14.33 32-32v-32c0-17.67-14.33-32-32-32z\"><\/path><\/svg><\/span>\n\t\t\t\t\t\t\t\t\t\t\t\t\t\t<\/span>\n\t\t\t\t\t\t\t\t\t\t\t\t<a class=\"elementor-accordion-title\" tabindex=\"0\">Spaccio Aziendale Unilever<\/a>\n\t\t\t\t\t<\/div>\n\t\t\t\t\t<div id=\"elementor-tab-content-1683\" class=\"elementor-tab-content elementor-clearfix\" data-tab=\"3\" role=\"region\" aria-labelledby=\"elementor-tab-title-1683\"><p>Sapendo di fare cosa gradita a quanti ci hanno chiesto informazioni ultimamente in merito all\u2019apertura dello spaccio aziendale della Unilever, comunichiamo a tutti Voi che, dopo il periodo di chiusura a causa dell\u2019emergenza sanitaria, luned\u00ec 29 giugno lo spaccio verr\u00e0 riaperto alle persone esterne all\u2019azienda (dipendenti aziende insediate nell\u2019agglomerato industriale di Pascarola).<\/p>\n<p>L\u2019accesso \u00e8 consentito esclusivamente nei seguenti orari<\/p>\n<p>TURNO MATTINA DALLE ORE 10:30 ALLE 13:00<br \/>TURNO POMERIGGIO DALLE ORE 14:30 ALLE 16:00 e DALLE ORE 19:30 ALLE 21:00<\/p>\n<p>e rispettando la procedura sotto riportata<\/p>\n<p>1. Presentazione tesserino della ditta appartenenza zona ASI Pascarola<br \/>2. Sanificazione delle mani<br \/>3. Rilevazione della temperatura corporea<br \/>4. Ritiro numero di ingresso<br \/>5. Attesa nel tunnellino adiacente spaccio<br \/>6. Mantenere la distanza di un metro fra le persone in attesa<br \/>7. Accedere allo spaccio solo quando c\u2019\u00e8 l\u2019ok del cassiere<br \/>8. L\u2019ACQUISTO DEI PRODOTTI ALLO SPACCIO E\u2019 CONSENTITO SOLO PER USO FAMILIARE<\/p>\n<p><a href=\"\/download\/spacci-aziendali\/SPACCIO_UNILEVER_CAIVANO_-_Volantino_03072020.pdf\" target=\"_blank\" rel=\"noopener\"><img decoding=\"async\" class=\"alignnone wp-image-18568 size-full\" src=\"https:\/\/csa.centroit.it\/wp-content\/uploads\/2025\/06\/icona-pdf-50px.png\" alt=\"\" width=\"50\" height=\"44\" \/><\/a><\/p>\n<\/div>\n\t\t\t\t<\/div>\n\t\t\t\t\t\t\t\t<\/div>\n\t\t\t\t\t\t<\/div>\n\t\t\t\t<\/div>\n\t\t\t\t\t<\/div>\n\t\t<\/div>\n\t\t\t\t<div class=\"elementor-column elementor-col-25 elementor-top-column elementor-element elementor-element-a12f66c elementor-hidden-tablet elementor-hidden-phone\" data-id=\"a12f66c\" data-element_type=\"column\">\n\t\t\t<div class=\"elementor-widget-wrap elementor-element-populated\">\n\t\t\t\t\t\t<div class=\"elementor-element elementor-element-a12fc39 elementor-widget elementor-widget-stm_sidebar\" data-id=\"a12fc39\" data-element_type=\"widget\" data-widget_type=\"stm_sidebar.default\">\n\t\t\t\t<div class=\"elementor-widget-container\">\n\t\t\t\t\t\n<div class=\"stm_sidebar consulting_elementor_sidebar\">\n\n            \t\t<div data-elementor-type=\"wp-post\" data-elementor-id=\"311\" class=\"elementor elementor-311\">\n\t\t\t\t\t\t<section class=\"elementor-section elementor-top-section elementor-element elementor-element-c857da8 elementor-section-boxed elementor-section-height-default elementor-section-height-default\" data-id=\"c857da8\" data-element_type=\"section\" data-settings=\"{&quot;background_background&quot;:&quot;classic&quot;}\">\n\t\t\t\t\t\t<div class=\"elementor-container elementor-column-gap-default\">\n\t\t\t\t\t<div class=\"elementor-column elementor-col-100 elementor-top-column elementor-element elementor-element-c858737\" data-id=\"c858737\" data-element_type=\"column\">\n\t\t\t<div class=\"elementor-widget-wrap elementor-element-populated\">\n\t\t\t\t\t\t<div class=\"elementor-element elementor-element-c85a994 elementor-align-left elementor-widget elementor-widget-button\" data-id=\"c85a994\" data-element_type=\"widget\" data-widget_type=\"button.default\">\n\t\t\t\t<div class=\"elementor-widget-container\">\n\t\t\t\t\t\t\t\t\t<div class=\"elementor-button-wrapper icon_align_  button_block\">\n\t\t\t\t\t<a class=\"elementor-button elementor-button-link elementor-size-md\" href=\"https:\/\/csa.centroit.it\/?page_id=1147\">\n\t\t\t\t\t\t<span class=\"elementor-button-content-wrapper\">\n\t\t\t\t\t\t<span class=\"elementor-button-icon\">\n\t\t\t\t<svg aria-hidden=\"true\" class=\"e-font-icon-svg e-fas-users-cog\" viewBox=\"0 0 640 512\" xmlns=\"http:\/\/www.w3.org\/2000\/svg\"><path d=\"M610.5 341.3c2.6-14.1 2.6-28.5 0-42.6l25.8-14.9c3-1.7 4.3-5.2 3.3-8.5-6.7-21.6-18.2-41.2-33.2-57.4-2.3-2.5-6-3.1-9-1.4l-25.8 14.9c-10.9-9.3-23.4-16.5-36.9-21.3v-29.8c0-3.4-2.4-6.4-5.7-7.1-22.3-5-45-4.8-66.2 0-3.3.7-5.7 3.7-5.7 7.1v29.8c-13.5 4.8-26 12-36.9 21.3l-25.8-14.9c-2.9-1.7-6.7-1.1-9 1.4-15 16.2-26.5 35.8-33.2 57.4-1 3.3.4 6.8 3.3 8.5l25.8 14.9c-2.6 14.1-2.6 28.5 0 42.6l-25.8 14.9c-3 1.7-4.3 5.2-3.3 8.5 6.7 21.6 18.2 41.1 33.2 57.4 2.3 2.5 6 3.1 9 1.4l25.8-14.9c10.9 9.3 23.4 16.5 36.9 21.3v29.8c0 3.4 2.4 6.4 5.7 7.1 22.3 5 45 4.8 66.2 0 3.3-.7 5.7-3.7 5.7-7.1v-29.8c13.5-4.8 26-12 36.9-21.3l25.8 14.9c2.9 1.7 6.7 1.1 9-1.4 15-16.2 26.5-35.8 33.2-57.4 1-3.3-.4-6.8-3.3-8.5l-25.8-14.9zM496 368.5c-26.8 0-48.5-21.8-48.5-48.5s21.8-48.5 48.5-48.5 48.5 21.8 48.5 48.5-21.7 48.5-48.5 48.5zM96 224c35.3 0 64-28.7 64-64s-28.7-64-64-64-64 28.7-64 64 28.7 64 64 64zm224 32c1.9 0 3.7-.5 5.6-.6 8.3-21.7 20.5-42.1 36.3-59.2 7.4-8 17.9-12.6 28.9-12.6 6.9 0 13.7 1.8 19.6 5.3l7.9 4.6c.8-.5 1.6-.9 2.4-1.4 7-14.6 11.2-30.8 11.2-48 0-61.9-50.1-112-112-112S208 82.1 208 144c0 61.9 50.1 112 112 112zm105.2 194.5c-2.3-1.2-4.6-2.6-6.8-3.9-8.2 4.8-15.3 9.8-27.5 9.8-10.9 0-21.4-4.6-28.9-12.6-18.3-19.8-32.3-43.9-40.2-69.6-10.7-34.5 24.9-49.7 25.8-50.3-.1-2.6-.1-5.2 0-7.8l-7.9-4.6c-3.8-2.2-7-5-9.8-8.1-3.3.2-6.5.6-9.8.6-24.6 0-47.6-6-68.5-16h-8.3C179.6 288 128 339.6 128 403.2V432c0 26.5 21.5 48 48 48h255.4c-3.7-6-6.2-12.8-6.2-20.3v-9.2zM173.1 274.6C161.5 263.1 145.6 256 128 256H64c-35.3 0-64 28.7-64 64v32c0 17.7 14.3 32 32 32h65.9c6.3-47.4 34.9-87.3 75.2-109.4z\"><\/path><\/svg>\t\t\t<\/span>\n\t\t\t\t\t\t\t\t\t<span class=\"elementor-button-text\">Il Consorzio<\/span>\n\t\t\t\t\t<\/span>\n\t\t\t\t\t<\/a>\n\t\t\t\t<\/div>\n\t\t\t\t\t\t\t\t<\/div>\n\t\t\t\t<\/div>\n\t\t\t\t\t<\/div>\n\t\t<\/div>\n\t\t\t\t\t<\/div>\n\t\t<\/section>\n\t\t\t\t<section class=\"elementor-section elementor-top-section elementor-element elementor-element-39bf392 elementor-section-boxed elementor-section-height-default elementor-section-height-default\" data-id=\"39bf392\" data-element_type=\"section\">\n\t\t\t\t\t\t<div class=\"elementor-container elementor-column-gap-default\">\n\t\t\t\t\t<div class=\"elementor-column elementor-col-100 elementor-top-column elementor-element elementor-element-0cf184a\" data-id=\"0cf184a\" data-element_type=\"column\" data-settings=\"{&quot;background_background&quot;:&quot;classic&quot;}\">\n\t\t\t<div class=\"elementor-widget-wrap elementor-element-populated\">\n\t\t\t\t\t\t<section class=\"elementor-section elementor-inner-section elementor-element elementor-element-1df25ce elementor-section-boxed elementor-section-height-default elementor-section-height-default\" data-id=\"1df25ce\" data-element_type=\"section\" data-settings=\"{&quot;background_background&quot;:&quot;classic&quot;}\">\n\t\t\t\t\t\t<div class=\"elementor-container elementor-column-gap-default\">\n\t\t\t\t\t<div class=\"elementor-column elementor-col-100 elementor-inner-column elementor-element elementor-element-c5dc57a\" data-id=\"c5dc57a\" data-element_type=\"column\">\n\t\t\t<div class=\"elementor-widget-wrap elementor-element-populated\">\n\t\t\t\t\t\t<div class=\"elementor-element elementor-element-386d43c elementor-widget elementor-widget-vc_custom_heading\" data-id=\"386d43c\" data-element_type=\"widget\" data-widget_type=\"vc_custom_heading.default\">\n\t\t\t\t<div class=\"elementor-widget-container\">\n\t\t\t\t\t<div class=\" vc_custom_heading  consulting_heading_font  text_align_left title_no_stripe\" ><div style=\"font-size: 16px;color: #ffffff;text-align: left;font-weight:700\" class=\"consulting-custom-title\">Cosa possiamo fare per te?\n<\/div><\/div>\t\t\t\t<\/div>\n\t\t\t\t<\/div>\n\t\t\t\t<div class=\"elementor-element elementor-element-8d57cee elementor-widget elementor-widget-text-editor\" data-id=\"8d57cee\" data-element_type=\"widget\" data-widget_type=\"text-editor.default\">\n\t\t\t\t<div class=\"elementor-widget-container\">\n\t\t\t\t\t\t\t\t\t<p><span style=\"font-size: 13px; line-height: 22px; color: #ffffff;\">Per informazioni sui nostri servizi o per entrare in contatto con il Consorzio, puoi scriverci attraverso il form della pagina contatti o chiamarci al numero 0818359391.<\/span><\/p>\n\t\t\t\t\t\t\t\t<\/div>\n\t\t\t\t<\/div>\n\t\t\t\t<div class=\"elementor-element elementor-element-0192cba elementor-widget__width-auto elementor-widget elementor-widget-button\" data-id=\"0192cba\" data-element_type=\"widget\" data-widget_type=\"button.default\">\n\t\t\t\t<div class=\"elementor-widget-container\">\n\t\t\t\t\t\t\t\t\t<div class=\"elementor-button-wrapper icon_align_  \">\n\t\t\t\t\t<a class=\"elementor-button elementor-button-link elementor-size-md\" href=\"https:\/\/csa.centroit.it\/?page_id=1336\">\n\t\t\t\t\t\t<span class=\"elementor-button-content-wrapper\">\n\t\t\t\t\t\t<span class=\"elementor-button-icon\">\n\t\t\t\t<svg aria-hidden=\"true\" class=\"e-font-icon-svg e-fas-phone-square-alt\" viewBox=\"0 0 448 512\" xmlns=\"http:\/\/www.w3.org\/2000\/svg\"><path d=\"M400 32H48A48 48 0 0 0 0 80v352a48 48 0 0 0 48 48h352a48 48 0 0 0 48-48V80a48 48 0 0 0-48-48zm-16.39 307.37l-15 65A15 15 0 0 1 354 416C194 416 64 286.29 64 126a15.7 15.7 0 0 1 11.63-14.61l65-15A18.23 18.23 0 0 1 144 96a16.27 16.27 0 0 1 13.79 9.09l30 70A17.9 17.9 0 0 1 189 181a17 17 0 0 1-5.5 11.61l-37.89 31a231.91 231.91 0 0 0 110.78 110.78l31-37.89A17 17 0 0 1 299 291a17.85 17.85 0 0 1 5.91 1.21l70 30A16.25 16.25 0 0 1 384 336a17.41 17.41 0 0 1-.39 3.37z\"><\/path><\/svg>\t\t\t<\/span>\n\t\t\t\t\t\t\t\t\t<span class=\"elementor-button-text\">Contattaci<\/span>\n\t\t\t\t\t<\/span>\n\t\t\t\t\t<\/a>\n\t\t\t\t<\/div>\n\t\t\t\t\t\t\t\t<\/div>\n\t\t\t\t<\/div>\n\t\t\t\t\t<\/div>\n\t\t<\/div>\n\t\t\t\t\t<\/div>\n\t\t<\/section>\n\t\t\t\t\t<\/div>\n\t\t<\/div>\n\t\t\t\t\t<\/div>\n\t\t<\/section>\n\t\t\t\t<section class=\"elementor-section elementor-top-section elementor-element elementor-element-c85ec98 elementor-section-boxed elementor-section-height-default elementor-section-height-default\" data-id=\"c85ec98\" data-element_type=\"section\">\n\t\t\t\t\t\t<div class=\"elementor-container elementor-column-gap-default\">\n\t\t\t\t\t<div class=\"elementor-column elementor-col-100 elementor-top-column elementor-element elementor-element-c85f302\" data-id=\"c85f302\" data-element_type=\"column\">\n\t\t\t<div class=\"elementor-widget-wrap elementor-element-populated\">\n\t\t\t\t\t\t<div class=\"elementor-element elementor-element-c85f86e elementor-widget elementor-widget-stm_testimonials\" data-id=\"c85f86e\" data-element_type=\"widget\" data-widget_type=\"stm_testimonials.default\">\n\t\t\t\t<div class=\"elementor-widget-container\">\n\t\t\t\t\t\n\n\t\t\t<div class=\"stm_testimonials consulting_elementor_testimonials style_6\">\n\t\t\t\t\t\t\t<div class=\"item\">\n\t\t\t\t\t<div class=\"testimonial\"><p>L\u2019innovazione \u00e8 lo strumento specifico dell\u2019imprenditoria. L\u2019atto che favorisce il successo con una nuova capacit\u00e0 di creare benessere.<\/p>\n<\/div>\n\t\t\t\t\t<div class=\"testimonial-info clearfix\">\n\t\t\t\t\t\t<div class=\"testimonial-image\"><img decoding=\"async\" width=\"50\" height=\"50\" src=\"https:\/\/csa.centroit.it\/wp-content\/uploads\/2016\/01\/valori-mission-csa-consorzio-caivano-50x50.jpg\" class=\"attachment-consulting-image-50x50-croped size-consulting-image-50x50-croped wp-post-image\" alt=\"\" srcset=\"https:\/\/csa.centroit.it\/wp-content\/uploads\/2016\/01\/valori-mission-csa-consorzio-caivano-50x50.jpg 50w, https:\/\/csa.centroit.it\/wp-content\/uploads\/2016\/01\/valori-mission-csa-consorzio-caivano-300x300.jpg 300w, https:\/\/csa.centroit.it\/wp-content\/uploads\/2016\/01\/valori-mission-csa-consorzio-caivano-100x100.jpg 100w, https:\/\/csa.centroit.it\/wp-content\/uploads\/2016\/01\/valori-mission-csa-consorzio-caivano-150x150.jpg 150w, https:\/\/csa.centroit.it\/wp-content\/uploads\/2016\/01\/valori-mission-csa-consorzio-caivano-320x320.jpg 320w\" sizes=\"(max-width: 50px) 100vw, 50px\" \/><\/div>\n\t\t\t\t\t\t<div class=\"testimonial-text\">\n\t\t\t\t\t\t\t<div class=\"name\">Peter Ferdinand Drucker<\/div>\n\t\t\t\t\t\t\t<div class=\"company\">\n\t\t\t\t\t\t\t\t\t\t\t\t\t\t<\/div>\n\t\t\t\t\t\t<\/div>\n\t\t\t\t\t<\/div>\n\t\t\t\t<\/div>\n\t\t\t\t\t<\/div>\n\t\n\t\t\t\t\t<\/div>\n\t\t\t\t<\/div>\n\t\t\t\t\t<\/div>\n\t\t<\/div>\n\t\t\t\t\t<\/div>\n\t\t<\/section>\n\t\t\t\t<\/div>\n\t\t    \n<\/div>\t\t\t\t<\/div>\n\t\t\t\t<\/div>\n\t\t\t\t\t<\/div>\n\t\t<\/div>\n\t\t\t\t\t<\/div>\n\t\t<\/section>\n\t\t\t\t<section class=\"elementor-section elementor-top-section elementor-element elementor-element-04fe23f elementor-section-content-middle elementor-section-stretched elementor-section-boxed elementor-section-height-default elementor-section-height-default\" data-id=\"04fe23f\" data-element_type=\"section\" data-settings=\"{&quot;stretch_section&quot;:&quot;section-stretched&quot;,&quot;background_background&quot;:&quot;classic&quot;}\">\n\t\t\t\t\t\t<div class=\"elementor-container elementor-column-gap-default\">\n\t\t\t\t\t<div class=\"elementor-column elementor-col-50 elementor-top-column elementor-element elementor-element-4f0f526\" data-id=\"4f0f526\" data-element_type=\"column\">\n\t\t\t<div class=\"elementor-widget-wrap elementor-element-populated\">\n\t\t\t\t\t\t<div class=\"elementor-element elementor-element-6282205 elementor-widget elementor-widget-heading\" data-id=\"6282205\" data-element_type=\"widget\" data-widget_type=\"heading.default\">\n\t\t\t\t<div class=\"elementor-widget-container\">\n\t\t\t\t\t<div class=\"elementor-heading-title elementor-size-default\">Entra in contatto con la nostra realt\u00e0!<\/div>\t\t\t\t<\/div>\n\t\t\t\t<\/div>\n\t\t\t\t\t<\/div>\n\t\t<\/div>\n\t\t\t\t<div class=\"elementor-column elementor-col-50 elementor-top-column elementor-element elementor-element-fd8be5a\" data-id=\"fd8be5a\" data-element_type=\"column\">\n\t\t\t<div class=\"elementor-widget-wrap elementor-element-populated\">\n\t\t\t\t\t\t<div class=\"elementor-element elementor-element-7e0711c elementor-align-right elementor-tablet-align-center elementor-widget elementor-widget-button\" data-id=\"7e0711c\" data-element_type=\"widget\" data-widget_type=\"button.default\">\n\t\t\t\t<div class=\"elementor-widget-container\">\n\t\t\t\t\t\t\t\t\t<div class=\"elementor-button-wrapper icon_align_right  \">\n\t\t\t\t\t<a class=\"elementor-button elementor-button-link elementor-size-sm\" href=\"\/monaco\/contact-us\/\" target=\"_blank\">\n\t\t\t\t\t\t<span class=\"elementor-button-content-wrapper\">\n\t\t\t\t\t\t<span class=\"elementor-button-icon\">\n\t\t\t\t<i aria-hidden=\"true\" class=\" stm-right-arrow\"><\/i>\t\t\t<\/span>\n\t\t\t\t\t\t\t\t\t<span class=\"elementor-button-text\">Contattaci<\/span>\n\t\t\t\t\t<\/span>\n\t\t\t\t\t<\/a>\n\t\t\t\t<\/div>\n\t\t\t\t\t\t\t\t<\/div>\n\t\t\t\t<\/div>\n\t\t\t\t\t<\/div>\n\t\t<\/div>\n\t\t\t\t\t<\/div>\n\t\t<\/section>\n\t\t\t\t<\/div>\n\t\t","protected":false},"excerpt":{"rendered":"<p>Spacci Aziendali Riapertura spaccio aziendale Uniliver Il Consorzio ha ricevuto comunicazione &#8211; da parte del responsabile dello spaccio aziendale ubicato all\u2019interno dell\u2019Uniliver &#8211; che dallo scorso 14 giugno \u00e8 consentito l\u2019accesso allo spaccio ai dipendenti delle aziende insediate nell\u2019agglomerato industriale. L\u2019apertura \u00e8 prevista dal luned\u00ec al venerd\u00ec con alternanza di una settimana di mattina e<\/p>\n","protected":false},"author":2,"featured_media":0,"parent":0,"menu_order":0,"comment_status":"closed","ping_status":"closed","template":"","meta":{"footnotes":""},"class_list":["post-408","page","type-page","status-publish","hentry"],"_links":{"self":[{"href":"https:\/\/csa.centroit.it\/index.php?rest_route=\/wp\/v2\/pages\/408","targetHints":{"allow":["GET"]}}],"collection":[{"href":"https:\/\/csa.centroit.it\/index.php?rest_route=\/wp\/v2\/pages"}],"about":[{"href":"https:\/\/csa.centroit.it\/index.php?rest_route=\/wp\/v2\/types\/page"}],"author":[{"embeddable":true,"href":"https:\/\/csa.centroit.it\/index.php?rest_route=\/wp\/v2\/users\/2"}],"replies":[{"embeddable":true,"href":"https:\/\/csa.centroit.it\/index.php?rest_route=%2Fwp%2Fv2%2Fcomments&post=408"}],"version-history":[{"count":9,"href":"https:\/\/csa.centroit.it\/index.php?rest_route=\/wp\/v2\/pages\/408\/revisions"}],"predecessor-version":[{"id":20205,"href":"https:\/\/csa.centroit.it\/index.php?rest_route=\/wp\/v2\/pages\/408\/revisions\/20205"}],"wp:attachment":[{"href":"https:\/\/csa.centroit.it\/index.php?rest_route=%2Fwp%2Fv2%2Fmedia&parent=408"}],"curies":[{"name":"wp","href":"https:\/\/api.w.org\/{rel}","templated":true}]}}